{"id":32,"date":"2024-12-03T21:16:27","date_gmt":"2024-12-03T13:16:27","guid":{"rendered":"https:\/\/nissitrac.com\/?page_id=32"},"modified":"2024-12-18T17:28:31","modified_gmt":"2024-12-18T09:28:31","slug":"blogs","status":"publish","type":"page","link":"https:\/\/nissitrac.com\/es\/blogs\/","title":{"rendered":"Blogs"},"content":{"rendered":"<div data-elementor-type=\"wp-page\" data-elementor-id=\"32\" class=\"elementor elementor-32\" data-elementor-post-type=\"page\">\n\t\t\t\t\t\t<section class=\"elementor-section elementor-top-section elementor-element elementor-element-db6cf27 elementor-section-height-min-height elementor-section-boxed elementor-section-height-default elementor-section-items-middle\" data-id=\"db6cf27\" data-element_type=\"section\" data-e-type=\"section\" data-settings=\"{&quot;background_background&quot;:&quot;classic&quot;}\">\n\t\t\t\t\t\t\t<div class=\"elementor-background-overlay\"><\/div>\n\t\t\t\t\t\t\t<div class=\"elementor-container elementor-column-gap-default\">\n\t\t\t\t\t<div class=\"elementor-column elementor-col-100 elementor-top-column elementor-element elementor-element-5d401f7\" data-id=\"5d401f7\" data-element_type=\"column\" data-e-type=\"column\" data-settings=\"{&quot;background_background&quot;:&quot;slideshow&quot;,&quot;background_slideshow_gallery&quot;:[],&quot;background_slideshow_loop&quot;:&quot;yes&quot;,&quot;background_slideshow_slide_duration&quot;:5000,&quot;background_slideshow_slide_transition&quot;:&quot;fade&quot;,&quot;background_slideshow_transition_duration&quot;:500}\">\n\t\t\t<div class=\"elementor-widget-wrap elementor-element-populated\">\n\t\t\t\t\t\t<div class=\"elementor-element elementor-element-da47a0b elementor--h-position-center elementor--v-position-middle elementor-arrows-position-inside elementor-pagination-position-inside elementor-widget elementor-widget-slides\" data-id=\"da47a0b\" data-element_type=\"widget\" data-e-type=\"widget\" data-settings=\"{&quot;navigation&quot;:&quot;both&quot;,&quot;autoplay&quot;:&quot;yes&quot;,&quot;pause_on_hover&quot;:&quot;yes&quot;,&quot;pause_on_interaction&quot;:&quot;yes&quot;,&quot;autoplay_speed&quot;:5000,&quot;infinite&quot;:&quot;yes&quot;,&quot;transition&quot;:&quot;slide&quot;,&quot;transition_speed&quot;:500}\" data-widget_type=\"slides.default\">\n\t\t\t\t<div class=\"elementor-widget-container\">\n\t\t\t\t\t\t\t\t\t<div class=\"elementor-swiper\">\n\t\t\t\t\t<div class=\"elementor-slides-wrapper elementor-main-swiper swiper\" role=\"region\" aria-roledescription=\"carousel\" aria-label=\"Diapositivas\" dir=\"ltr\" data-animation=\"fadeInRight\">\n\t\t\t\t<div class=\"swiper-wrapper elementor-slides\">\n\t\t\t\t\t\t\t\t\t\t<div class=\"elementor-repeater-item-d0d0622 swiper-slide\" role=\"group\" aria-roledescription=\"slide\"><div class=\"swiper-slide-bg\"><\/div><a class=\"swiper-slide-inner\" href=\"https:\/\/nissitrac.com\/es\/contact-us\/\"><div class=\"swiper-slide-contents\"><div class=\"elementor-slide-heading\">Blogs<\/div><div class=\"elementor-slide-description\">Mant\u00e9ngase actualizado con las \u00faltimas tendencias, innovaciones y opiniones de expertos.<\/div><div  class=\"elementor-button elementor-slide-button elementor-size-xs\">Cont\u00e1ctenos hoy<\/div><\/div><\/a><\/div>\t\t\t\t<\/div>\n\t\t\t\t\t\t\t<\/div>\n\t\t\t\t<\/div>\n\t\t\t\t\t\t\t\t<\/div>\n\t\t\t\t<\/div>\n\t\t\t\t\t<\/div>\n\t\t<\/div>\n\t\t\t\t\t<\/div>\n\t\t<\/section>\n\t\t\t\t<section class=\"elementor-section elementor-top-section elementor-element elementor-element-20873e4 elementor-section-boxed elementor-section-height-default elementor-section-height-default\" data-id=\"20873e4\" data-element_type=\"section\" data-e-type=\"section\">\n\t\t\t\t\t\t<div class=\"elementor-container elementor-column-gap-default\">\n\t\t\t\t\t<div class=\"elementor-column elementor-col-100 elementor-top-column elementor-element elementor-element-9f59186\" data-id=\"9f59186\" data-element_type=\"column\" data-e-type=\"column\">\n\t\t\t<div class=\"elementor-widget-wrap elementor-element-populated\">\n\t\t\t\t\t\t<div class=\"elementor-element elementor-element-d0f6b76 elementor-posts--align-left elementor-grid-3 elementor-grid-tablet-2 elementor-grid-mobile-1 elementor-posts--thumbnail-top elementor-posts--show-avatar elementor-card-shadow-yes elementor-posts__hover-gradient elementor-widget elementor-widget-posts\" data-id=\"d0f6b76\" data-element_type=\"widget\" data-e-type=\"widget\" data-settings=\"{&quot;pagination_type&quot;:&quot;numbers_and_prev_next&quot;,&quot;cards_columns&quot;:&quot;3&quot;,&quot;cards_columns_tablet&quot;:&quot;2&quot;,&quot;cards_columns_mobile&quot;:&quot;1&quot;,&quot;cards_row_gap&quot;:{&quot;unit&quot;:&quot;px&quot;,&quot;size&quot;:35,&quot;sizes&quot;:[]},&quot;cards_row_gap_tablet&quot;:{&quot;unit&quot;:&quot;px&quot;,&quot;size&quot;:&quot;&quot;,&quot;sizes&quot;:[]},&quot;cards_row_gap_mobile&quot;:{&quot;unit&quot;:&quot;px&quot;,&quot;size&quot;:&quot;&quot;,&quot;sizes&quot;:[]}}\" data-widget_type=\"posts.cards\">\n\t\t\t\t<div class=\"elementor-widget-container\">\n\t\t\t\t\t\t\t<div class=\"elementor-posts-container elementor-posts elementor-posts--skin-cards elementor-grid\" role=\"list\">\n\t\t\t\t<article class=\"elementor-post elementor-grid-item post-3353 post type-post status-publish format-standard has-post-thumbnail hentry category-blogs tag-challenger-rubber-tracks tag-fendt-rubber-tracks tag-massey-ferguson-tracks\" role=\"listitem\">\n\t\t\t<div class=\"elementor-post__card\">\n\t\t\t\t<a class=\"elementor-post__thumbnail__link\" href=\"https:\/\/nissitrac.com\/es\/blogs\/the-ultimate-2026-agco-challenger-fendt-and-massey-ferguson-tractors-and-combines-rubber-track-reference-guide\/\" tabindex=\"-1\" ><div class=\"elementor-post__thumbnail\"><img fetchpriority=\"high\" decoding=\"async\" width=\"600\" height=\"400\" src=\"https:\/\/nissitrac.com\/wp-content\/uploads\/2025\/05\/Challenger.jpeg\" class=\"attachment-full size-full wp-image-3183\" alt=\"Challenger rubber track\" srcset=\"https:\/\/nissitrac.com\/wp-content\/uploads\/2025\/05\/Challenger.jpeg 600w, https:\/\/nissitrac.com\/wp-content\/uploads\/2025\/05\/Challenger-300x200.jpeg 300w, https:\/\/nissitrac.com\/wp-content\/uploads\/2025\/05\/Challenger-18x12.jpeg 18w\" sizes=\"(max-width: 600px) 100vw, 600px\" \/><\/div><\/a>\n\t\t\t\t<div class=\"elementor-post__avatar\">\n\t\t\t\t\t<\/div>\n\t\t\t\t<div class=\"elementor-post__text\">\n\t\t\t\t<h2 class=\"elementor-post__title\">\n\t\t\t<a href=\"https:\/\/nissitrac.com\/es\/blogs\/the-ultimate-2026-agco-challenger-fendt-and-massey-ferguson-tractors-and-combines-rubber-track-reference-guide\/\" >\n\t\t\t\tLa gu\u00eda de referencia definitiva de tractores y cosechadoras AGCO\u00ae Challenger\u00ae Fendt\u00ae y Massey Ferguson\u00ae de 2026 con orugas de caucho\t\t\t<\/a>\n\t\t<\/h2>\n\t\t\t\t<div class=\"elementor-post__excerpt\">\n\t\t\t<p>Navegando por el mundo de los tractores AGCO\u00ae Challenger\u00ae MT700\/MT800, Fendt\u00ae 900 Vario MT, 1100 MT, 1100 Vario MT, Fendt\u00ae Ideal\t\t<\/div>\n\t\t\n\t\t<a class=\"elementor-post__read-more\" href=\"https:\/\/nissitrac.com\/es\/blogs\/the-ultimate-2026-agco-challenger-fendt-and-massey-ferguson-tractors-and-combines-rubber-track-reference-guide\/\" aria-label=\"M\u00e1s informaci\u00f3n sobre La gu\u00eda de referencia definitiva para tractores y cosechadoras AGCO\u00ae Challenger\u00ae Fendt\u00ae y Massey Ferguson\u00ae 2026 con orugas de caucho\" tabindex=\"-1\" >\n\t\t\tLeer m\u00e1s &quot;\t\t<\/a>\n\n\t\t\t\t<\/div>\n\t\t\t\t\t<\/div>\n\t\t<\/article>\n\t\t\t\t<article class=\"elementor-post elementor-grid-item post-3028 post type-post status-publish format-standard has-post-thumbnail hentry category-blogs tag-agricultural-rubber-tracks tag-john-deere-rubber-tracks tag-john-deere-tracks\" role=\"listitem\">\n\t\t\t<div class=\"elementor-post__card\">\n\t\t\t\t<a class=\"elementor-post__thumbnail__link\" href=\"https:\/\/nissitrac.com\/es\/blogs\/the-ultimate-john-deere-rubber-track-reference-guide\/\" tabindex=\"-1\" ><div class=\"elementor-post__thumbnail\"><img decoding=\"async\" width=\"600\" height=\"400\" src=\"https:\/\/nissitrac.com\/wp-content\/uploads\/2025\/05\/The-Ultimate-JOHN-DEERE\u00ae-Rubber-Track-Reference-Guide.jpg\" class=\"attachment-full size-full wp-image-3228\" alt=\"The Ultimate JOHN DEERE\u00ae Rubber Track Reference Guide\" srcset=\"https:\/\/nissitrac.com\/wp-content\/uploads\/2025\/05\/The-Ultimate-JOHN-DEERE\u00ae-Rubber-Track-Reference-Guide.jpg 600w, https:\/\/nissitrac.com\/wp-content\/uploads\/2025\/05\/The-Ultimate-JOHN-DEERE\u00ae-Rubber-Track-Reference-Guide-300x200.jpg 300w, https:\/\/nissitrac.com\/wp-content\/uploads\/2025\/05\/The-Ultimate-JOHN-DEERE\u00ae-Rubber-Track-Reference-Guide-18x12.jpg 18w\" sizes=\"(max-width: 600px) 100vw, 600px\" \/><\/div><\/a>\n\t\t\t\t<div class=\"elementor-post__avatar\">\n\t\t\t\t\t<\/div>\n\t\t\t\t<div class=\"elementor-post__text\">\n\t\t\t\t<h2 class=\"elementor-post__title\">\n\t\t\t<a href=\"https:\/\/nissitrac.com\/es\/blogs\/the-ultimate-john-deere-rubber-track-reference-guide\/\" >\n\t\t\t\tLa gu\u00eda de referencia definitiva sobre orugas de caucho JOHN DEERE\u00ae\t\t\t<\/a>\n\t\t<\/h2>\n\t\t\t\t<div class=\"elementor-post__excerpt\">\n\t\t\t<p>Las operaciones agr\u00edcolas en todo el mundo son \u00fanicas. Trabajando en estrecha colaboraci\u00f3n con propietarios de tractores de orugas y cosechadoras, hemos creado una amplia...\t\t<\/div>\n\t\t\n\t\t<a class=\"elementor-post__read-more\" href=\"https:\/\/nissitrac.com\/es\/blogs\/the-ultimate-john-deere-rubber-track-reference-guide\/\" aria-label=\"M\u00e1s informaci\u00f3n sobre La gu\u00eda de referencia definitiva para orugas de caucho JOHN DEERE\u00ae\" tabindex=\"-1\" >\n\t\t\tLeer m\u00e1s &quot;\t\t<\/a>\n\n\t\t\t\t<\/div>\n\t\t\t\t\t<\/div>\n\t\t<\/article>\n\t\t\t\t<article class=\"elementor-post elementor-grid-item post-2995 post type-post status-publish format-standard has-post-thumbnail hentry category-blogs tag-cat-ctl-rubber-track tag-cat-excavator-rubber-track tag-cat-mtl-rubber-track\" role=\"listitem\">\n\t\t\t<div class=\"elementor-post__card\">\n\t\t\t\t<a class=\"elementor-post__thumbnail__link\" href=\"https:\/\/nissitrac.com\/es\/blogs\/how-to-choose-the-perfect-rubber-tracks-for-your-cat-loader-or-excavator-simple-guide\/\" tabindex=\"-1\" ><div class=\"elementor-post__thumbnail\"><img decoding=\"async\" width=\"1831\" height=\"1334\" src=\"https:\/\/nissitrac.com\/wp-content\/uploads\/2025\/03\/CAT.jpg\" class=\"attachment-full size-full wp-image-3007\" alt=\"CAT rubber track\" srcset=\"https:\/\/nissitrac.com\/wp-content\/uploads\/2025\/03\/CAT.jpg 1831w, https:\/\/nissitrac.com\/wp-content\/uploads\/2025\/03\/CAT-300x219.jpg 300w, https:\/\/nissitrac.com\/wp-content\/uploads\/2025\/03\/CAT-1024x746.jpg 1024w, https:\/\/nissitrac.com\/wp-content\/uploads\/2025\/03\/CAT-768x560.jpg 768w, https:\/\/nissitrac.com\/wp-content\/uploads\/2025\/03\/CAT-1536x1119.jpg 1536w, https:\/\/nissitrac.com\/wp-content\/uploads\/2025\/03\/CAT-16x12.jpg 16w\" sizes=\"(max-width: 1831px) 100vw, 1831px\" \/><\/div><\/a>\n\t\t\t\t<div class=\"elementor-post__avatar\">\n\t\t\t\t\t<\/div>\n\t\t\t\t<div class=\"elementor-post__text\">\n\t\t\t\t<h2 class=\"elementor-post__title\">\n\t\t\t<a href=\"https:\/\/nissitrac.com\/es\/blogs\/how-to-choose-the-perfect-rubber-tracks-for-your-cat-loader-or-excavator-simple-guide\/\" >\n\t\t\t\tC\u00f3mo elegir las orugas de goma perfectas para su cargadora o excavadora CAT: Gu\u00eda sencilla\t\t\t<\/a>\n\t\t<\/h2>\n\t\t\t\t<div class=\"elementor-post__excerpt\">\n\t\t\t<p>Elegir las orugas de caucho adecuadas para su m\u00e1quina Caterpillar (CAT) es fundamental. Unas buenas orugas contribuyen al buen funcionamiento de su m\u00e1quina.\t\t<\/div>\n\t\t\n\t\t<a class=\"elementor-post__read-more\" href=\"https:\/\/nissitrac.com\/es\/blogs\/how-to-choose-the-perfect-rubber-tracks-for-your-cat-loader-or-excavator-simple-guide\/\" aria-label=\"M\u00e1s informaci\u00f3n sobre C\u00f3mo elegir las orugas de caucho perfectas para su cargadora o excavadora CAT: gu\u00eda sencilla\" tabindex=\"-1\" >\n\t\t\tLeer m\u00e1s &quot;\t\t<\/a>\n\n\t\t\t\t<\/div>\n\t\t\t\t\t<\/div>\n\t\t<\/article>\n\t\t\t\t<article class=\"elementor-post elementor-grid-item post-2136 post type-post status-publish format-standard has-post-thumbnail hentry category-blogs tag-find-fit-rubber-tracks tag-identify-rubber-tracks tag-measure-rubber-tracks\" role=\"listitem\">\n\t\t\t<div class=\"elementor-post__card\">\n\t\t\t\t<a class=\"elementor-post__thumbnail__link\" href=\"https:\/\/nissitrac.com\/es\/blogs\/how-to-measure-and-identify-rubber-tracks-finding-the-perfect-fit-for-your-equipment\/\" tabindex=\"-1\" ><div class=\"elementor-post__thumbnail\"><img loading=\"lazy\" decoding=\"async\" width=\"600\" height=\"400\" src=\"https:\/\/nissitrac.com\/wp-content\/uploads\/2025\/01\/Howo-to-measure-and-indentify-rubber-tracks.jpg\" class=\"attachment-full size-full wp-image-2138\" alt=\"Howo to measure and indentify rubber tracks\" srcset=\"https:\/\/nissitrac.com\/wp-content\/uploads\/2025\/01\/Howo-to-measure-and-indentify-rubber-tracks.jpg 600w, https:\/\/nissitrac.com\/wp-content\/uploads\/2025\/01\/Howo-to-measure-and-indentify-rubber-tracks-300x200.jpg 300w, https:\/\/nissitrac.com\/wp-content\/uploads\/2025\/01\/Howo-to-measure-and-indentify-rubber-tracks-18x12.jpg 18w\" sizes=\"(max-width: 600px) 100vw, 600px\" \/><\/div><\/a>\n\t\t\t\t<div class=\"elementor-post__avatar\">\n\t\t\t\t\t<\/div>\n\t\t\t\t<div class=\"elementor-post__text\">\n\t\t\t\t<h2 class=\"elementor-post__title\">\n\t\t\t<a href=\"https:\/\/nissitrac.com\/es\/blogs\/how-to-measure-and-identify-rubber-tracks-finding-the-perfect-fit-for-your-equipment\/\" >\n\t\t\t\tC\u00f3mo medir e identificar orugas de caucho: c\u00f3mo encontrar la opci\u00f3n perfecta para su equipo\t\t\t<\/a>\n\t\t<\/h2>\n\t\t\t\t<div class=\"elementor-post__excerpt\">\n\t\t\t<p>Elegir las orugas de caucho adecuadas para su equipo agr\u00edcola o de construcci\u00f3n es crucial para mantener un rendimiento \u00f3ptimo, prevenir da\u00f1os y\t\t<\/div>\n\t\t\n\t\t<a class=\"elementor-post__read-more\" href=\"https:\/\/nissitrac.com\/es\/blogs\/how-to-measure-and-identify-rubber-tracks-finding-the-perfect-fit-for-your-equipment\/\" aria-label=\"M\u00e1s informaci\u00f3n sobre C\u00f3mo medir e identificar orugas de caucho: c\u00f3mo encontrar la opci\u00f3n perfecta para su equipo\" tabindex=\"-1\" >\n\t\t\tLeer m\u00e1s &quot;\t\t<\/a>\n\n\t\t\t\t<\/div>\n\t\t\t\t\t<\/div>\n\t\t<\/article>\n\t\t\t\t<article class=\"elementor-post elementor-grid-item post-2129 post type-post status-publish format-standard has-post-thumbnail hentry category-blogs tag-case-ih-rowtrac-rubber-track tag-new-holland-t8-smarttrax-rubber-track tag-new-holland-t9-smarttrax-rubber-track\" role=\"listitem\">\n\t\t\t<div class=\"elementor-post__card\">\n\t\t\t\t<a class=\"elementor-post__thumbnail__link\" href=\"https:\/\/nissitrac.com\/es\/blogs\/how-to-replace-maintain-case-ih-rowtrac-new-holland-t8-smarttrax-rubber-tracks-a-step-by-step-guide\/\" tabindex=\"-1\" ><div class=\"elementor-post__thumbnail\"><img loading=\"lazy\" decoding=\"async\" width=\"600\" height=\"400\" src=\"https:\/\/nissitrac.com\/wp-content\/uploads\/2025\/01\/New-Holland-T8-Smarttrax.jpg\" class=\"attachment-full size-full wp-image-2128\" alt=\"\" srcset=\"https:\/\/nissitrac.com\/wp-content\/uploads\/2025\/01\/New-Holland-T8-Smarttrax.jpg 600w, https:\/\/nissitrac.com\/wp-content\/uploads\/2025\/01\/New-Holland-T8-Smarttrax-300x200.jpg 300w, https:\/\/nissitrac.com\/wp-content\/uploads\/2025\/01\/New-Holland-T8-Smarttrax-18x12.jpg 18w\" sizes=\"(max-width: 600px) 100vw, 600px\" \/><\/div><\/a>\n\t\t\t\t<div class=\"elementor-post__avatar\">\n\t\t\t\t\t<\/div>\n\t\t\t\t<div class=\"elementor-post__text\">\n\t\t\t\t<h2 class=\"elementor-post__title\">\n\t\t\t<a href=\"https:\/\/nissitrac.com\/es\/blogs\/how-to-replace-maintain-case-ih-rowtrac-new-holland-t8-smarttrax-rubber-tracks-a-step-by-step-guide\/\" >\n\t\t\t\tC\u00f3mo reemplazar y mantener las orugas de caucho de Case IH Rowtrac y New Holland T8 Smarttrax: una gu\u00eda paso a paso\t\t\t<\/a>\n\t\t<\/h2>\n\t\t\t\t<div class=\"elementor-post__excerpt\">\n\t\t\t<p>Los tractores Case IH Rowtrac y New Holland T8 Smarttrax conf\u00edan en sus robustos sistemas de orugas de caucho para una tracci\u00f3n superior y una reducci\u00f3n\t\t<\/div>\n\t\t\n\t\t<a class=\"elementor-post__read-more\" href=\"https:\/\/nissitrac.com\/es\/blogs\/how-to-replace-maintain-case-ih-rowtrac-new-holland-t8-smarttrax-rubber-tracks-a-step-by-step-guide\/\" aria-label=\"M\u00e1s informaci\u00f3n sobre C\u00f3mo reemplazar y mantener las orugas de caucho Case IH Rowtrac y New Holland T8 Smarttrax: una gu\u00eda paso a paso\" tabindex=\"-1\" >\n\t\t\tLeer m\u00e1s &quot;\t\t<\/a>\n\n\t\t\t\t<\/div>\n\t\t\t\t\t<\/div>\n\t\t<\/article>\n\t\t\t\t<article class=\"elementor-post elementor-grid-item post-2084 post type-post status-publish format-standard has-post-thumbnail hentry category-blogs tag-case-ih-9300-series-rubber-track tag-case-ih-combine-rubber-track tag-case-ih-quadtrac-rubber-track\" role=\"listitem\">\n\t\t\t<div class=\"elementor-post__card\">\n\t\t\t\t<a class=\"elementor-post__thumbnail__link\" href=\"https:\/\/nissitrac.com\/es\/blogs\/how-to-replace-maintain-case-ih-9300-series-quadtrac-combine-rubber-tracks-a-step-by-step-guide\/\" tabindex=\"-1\" ><div class=\"elementor-post__thumbnail\"><img loading=\"lazy\" decoding=\"async\" width=\"600\" height=\"400\" src=\"https:\/\/nissitrac.com\/wp-content\/uploads\/2024\/12\/postive-Case-IH-Quadtrac-620.jpg\" class=\"attachment-full size-full wp-image-1059\" alt=\"postive Case IH Quadtrac 620 rubber track\" srcset=\"https:\/\/nissitrac.com\/wp-content\/uploads\/2024\/12\/postive-Case-IH-Quadtrac-620.jpg 600w, https:\/\/nissitrac.com\/wp-content\/uploads\/2024\/12\/postive-Case-IH-Quadtrac-620-300x200.jpg 300w\" sizes=\"(max-width: 600px) 100vw, 600px\" \/><\/div><\/a>\n\t\t\t\t<div class=\"elementor-post__avatar\">\n\t\t\t\t\t<\/div>\n\t\t\t\t<div class=\"elementor-post__text\">\n\t\t\t\t<h2 class=\"elementor-post__title\">\n\t\t\t<a href=\"https:\/\/nissitrac.com\/es\/blogs\/how-to-replace-maintain-case-ih-9300-series-quadtrac-combine-rubber-tracks-a-step-by-step-guide\/\" >\n\t\t\t\tC\u00f3mo reemplazar y mantener las orugas de caucho de las cosechadoras, Quadtrac y Case IH 9300 Series: una gu\u00eda paso a paso\t\t\t<\/a>\n\t\t<\/h2>\n\t\t\t\t<div class=\"elementor-post__excerpt\">\n\t\t\t<p>Las orugas de caucho son componentes esenciales de los equipos agr\u00edcolas Case IH 9300, Quadtrac y Combine, y proporcionan la tracci\u00f3n y flotaci\u00f3n necesarias.\t\t<\/div>\n\t\t\n\t\t<a class=\"elementor-post__read-more\" href=\"https:\/\/nissitrac.com\/es\/blogs\/how-to-replace-maintain-case-ih-9300-series-quadtrac-combine-rubber-tracks-a-step-by-step-guide\/\" aria-label=\"M\u00e1s informaci\u00f3n sobre C\u00f3mo reemplazar y mantener las orugas de caucho de las series 9300, Quadtrac y cosechadoras Case IH: una gu\u00eda paso a paso\" tabindex=\"-1\" >\n\t\t\tLeer m\u00e1s &quot;\t\t<\/a>\n\n\t\t\t\t<\/div>\n\t\t\t\t\t<\/div>\n\t\t<\/article>\n\t\t\t\t<article class=\"elementor-post elementor-grid-item post-1772 post type-post status-publish format-standard has-post-thumbnail hentry category-blogs tag-aerial-platform-tracks tag-non-marking-rubber-tracks tag-non-marking-tracks\" role=\"listitem\">\n\t\t\t<div class=\"elementor-post__card\">\n\t\t\t\t<a class=\"elementor-post__thumbnail__link\" href=\"https:\/\/nissitrac.com\/es\/blogs\/everything-you-need-to-know-about-non-marking-rubber-tracks\/\" tabindex=\"-1\" ><div class=\"elementor-post__thumbnail\"><img loading=\"lazy\" decoding=\"async\" width=\"600\" height=\"400\" src=\"https:\/\/nissitrac.com\/wp-content\/uploads\/2024\/12\/Everything-You-Need-to-Know-About-Non-Marking-Rubber-Tracks-3.jpg\" class=\"attachment-full size-full wp-image-1775\" alt=\"Everything You Need to Know About Non-Marking Rubber Tracks - 3\" srcset=\"https:\/\/nissitrac.com\/wp-content\/uploads\/2024\/12\/Everything-You-Need-to-Know-About-Non-Marking-Rubber-Tracks-3.jpg 600w, https:\/\/nissitrac.com\/wp-content\/uploads\/2024\/12\/Everything-You-Need-to-Know-About-Non-Marking-Rubber-Tracks-3-300x200.jpg 300w\" sizes=\"(max-width: 600px) 100vw, 600px\" \/><\/div><\/a>\n\t\t\t\t<div class=\"elementor-post__avatar\">\n\t\t\t\t\t<\/div>\n\t\t\t\t<div class=\"elementor-post__text\">\n\t\t\t\t<h2 class=\"elementor-post__title\">\n\t\t\t<a href=\"https:\/\/nissitrac.com\/es\/blogs\/everything-you-need-to-know-about-non-marking-rubber-tracks\/\" >\n\t\t\t\tTodo lo que necesita saber sobre las orugas de caucho que no dejan marcas\t\t\t<\/a>\n\t\t<\/h2>\n\t\t\t\t<div class=\"elementor-post__excerpt\">\n\t\t\t<p>El manejo de equipos sobre superficies sensibles requiere un cuidado especial para evitar marcas y da\u00f1os antiest\u00e9ticos. Las orugas de goma que no dejan marcas proporcionan la soluci\u00f3n perfecta.\t\t<\/div>\n\t\t\n\t\t<a class=\"elementor-post__read-more\" href=\"https:\/\/nissitrac.com\/es\/blogs\/everything-you-need-to-know-about-non-marking-rubber-tracks\/\" aria-label=\"M\u00e1s informaci\u00f3n sobre Todo lo que necesita saber sobre las orugas de caucho que no dejan marcas\" tabindex=\"-1\" >\n\t\t\tLeer m\u00e1s &quot;\t\t<\/a>\n\n\t\t\t\t<\/div>\n\t\t\t\t\t<\/div>\n\t\t<\/article>\n\t\t\t\t<article class=\"elementor-post elementor-grid-item post-1731 post type-post status-publish format-standard has-post-thumbnail hentry category-blogs tag-skid-steer-loader-rubber-tracks tag-skid-steer-tracks tag-skidsteer-tracks\" role=\"listitem\">\n\t\t\t<div class=\"elementor-post__card\">\n\t\t\t\t<a class=\"elementor-post__thumbnail__link\" href=\"https:\/\/nissitrac.com\/es\/blogs\/the-ultimate-buyers-guide-for-skid-steer-loader-rubber-tracks\/\" tabindex=\"-1\" ><div class=\"elementor-post__thumbnail\"><img loading=\"lazy\" decoding=\"async\" width=\"600\" height=\"400\" src=\"https:\/\/nissitrac.com\/wp-content\/uploads\/2024\/12\/The-Ultimate-Buyers-Guide-for-Skid-Steer-Loader-Rubber-Tracks-3.jpg\" class=\"attachment-full size-full wp-image-1734\" alt=\"The Ultimate Buyer&#039;s Guide for Skid Steer Loader Rubber Tracks - 3\" srcset=\"https:\/\/nissitrac.com\/wp-content\/uploads\/2024\/12\/The-Ultimate-Buyers-Guide-for-Skid-Steer-Loader-Rubber-Tracks-3.jpg 600w, https:\/\/nissitrac.com\/wp-content\/uploads\/2024\/12\/The-Ultimate-Buyers-Guide-for-Skid-Steer-Loader-Rubber-Tracks-3-300x200.jpg 300w\" sizes=\"(max-width: 600px) 100vw, 600px\" \/><\/div><\/a>\n\t\t\t\t<div class=\"elementor-post__avatar\">\n\t\t\t\t\t<\/div>\n\t\t\t\t<div class=\"elementor-post__text\">\n\t\t\t\t<h2 class=\"elementor-post__title\">\n\t\t\t<a href=\"https:\/\/nissitrac.com\/es\/blogs\/the-ultimate-buyers-guide-for-skid-steer-loader-rubber-tracks\/\" >\n\t\t\t\tLa gu\u00eda definitiva para la compra de orugas de caucho para minicargadoras\t\t\t<\/a>\n\t\t<\/h2>\n\t\t\t\t<div class=\"elementor-post__excerpt\">\n\t\t\t<p>Las minicargadoras son esenciales en la construcci\u00f3n, el paisajismo y las operaciones agr\u00edcolas. C\u00f3mo elegir las orugas de caucho adecuadas para su minicargadora\t\t<\/div>\n\t\t\n\t\t<a class=\"elementor-post__read-more\" href=\"https:\/\/nissitrac.com\/es\/blogs\/the-ultimate-buyers-guide-for-skid-steer-loader-rubber-tracks\/\" aria-label=\"M\u00e1s informaci\u00f3n sobre La gu\u00eda definitiva para el comprador de orugas de goma para minicargadoras\" tabindex=\"-1\" >\n\t\t\tLeer m\u00e1s &quot;\t\t<\/a>\n\n\t\t\t\t<\/div>\n\t\t\t\t\t<\/div>\n\t\t<\/article>\n\t\t\t\t<article class=\"elementor-post elementor-grid-item post-1682 post type-post status-publish format-standard has-post-thumbnail hentry category-blogs tag-agricultural-rubber-tracks tag-agricultural-tracks tag-tractor-combine-rubber-tracks\" role=\"listitem\">\n\t\t\t<div class=\"elementor-post__card\">\n\t\t\t\t<a class=\"elementor-post__thumbnail__link\" href=\"https:\/\/nissitrac.com\/es\/blogs\/how-agricultural-rubber-tracks-increase-productivity-and-reduce-costs\/\" tabindex=\"-1\" ><div class=\"elementor-post__thumbnail\"><img loading=\"lazy\" decoding=\"async\" width=\"600\" height=\"400\" src=\"https:\/\/nissitrac.com\/wp-content\/uploads\/2024\/12\/How-Agricultural-Rubber-Tracks-Increase-Productivity-and-Reduce-Costs-1.jpg\" class=\"attachment-full size-full wp-image-1719\" alt=\"How Agricultural Rubber Tracks Increase Productivity and Reduce Costs - 1\" srcset=\"https:\/\/nissitrac.com\/wp-content\/uploads\/2024\/12\/How-Agricultural-Rubber-Tracks-Increase-Productivity-and-Reduce-Costs-1.jpg 600w, https:\/\/nissitrac.com\/wp-content\/uploads\/2024\/12\/How-Agricultural-Rubber-Tracks-Increase-Productivity-and-Reduce-Costs-1-300x200.jpg 300w\" sizes=\"(max-width: 600px) 100vw, 600px\" \/><\/div><\/a>\n\t\t\t\t<div class=\"elementor-post__avatar\">\n\t\t\t\t\t<\/div>\n\t\t\t\t<div class=\"elementor-post__text\">\n\t\t\t\t<h2 class=\"elementor-post__title\">\n\t\t\t<a href=\"https:\/\/nissitrac.com\/es\/blogs\/how-agricultural-rubber-tracks-increase-productivity-and-reduce-costs\/\" >\n\t\t\t\tC\u00f3mo las orugas de caucho para uso agr\u00edcola aumentan la productividad y reducen los costos\t\t\t<\/a>\n\t\t<\/h2>\n\t\t\t\t<div class=\"elementor-post__excerpt\">\n\t\t\t<p>La maquinaria agr\u00edcola es fundamental para la agricultura moderna, ya que permite a los agricultores trabajar de manera eficiente y aumentar la producci\u00f3n. Sin embargo, la elecci\u00f3n del equipo adecuado\t\t<\/div>\n\t\t\n\t\t<a class=\"elementor-post__read-more\" href=\"https:\/\/nissitrac.com\/es\/blogs\/how-agricultural-rubber-tracks-increase-productivity-and-reduce-costs\/\" aria-label=\"M\u00e1s informaci\u00f3n sobre C\u00f3mo las orugas de caucho agr\u00edcolas aumentan la productividad y reducen los costos\" tabindex=\"-1\" >\n\t\t\tLeer m\u00e1s &quot;\t\t<\/a>\n\n\t\t\t\t<\/div>\n\t\t\t\t\t<\/div>\n\t\t<\/article>\n\t\t\t\t<\/div>\n\t\t\n\t\t\t\t\t\t<\/div>\n\t\t\t\t<\/div>\n\t\t\t\t\t<\/div>\n\t\t<\/div>\n\t\t\t\t\t<\/div>\n\t\t<\/section>\n\t\t\t\t<\/div>","protected":false},"excerpt":{"rendered":"<p>BlogsMant\u00e9ngase actualizado con las \u00faltimas tendencias, innovaciones y opiniones de expertos.Cont\u00e1ctenos hoy<\/p>","protected":false},"author":1,"featured_media":0,"parent":0,"menu_order":0,"comment_status":"closed","ping_status":"closed","template":"","meta":{"footnotes":""},"class_list":["post-32","page","type-page","status-publish","hentry"],"_links":{"self":[{"href":"https:\/\/nissitrac.com\/es\/wp-json\/wp\/v2\/pages\/32","targetHints":{"allow":["GET"]}}],"collection":[{"href":"https:\/\/nissitrac.com\/es\/wp-json\/wp\/v2\/pages"}],"about":[{"href":"https:\/\/nissitrac.com\/es\/wp-json\/wp\/v2\/types\/page"}],"author":[{"embeddable":true,"href":"https:\/\/nissitrac.com\/es\/wp-json\/wp\/v2\/users\/1"}],"replies":[{"embeddable":true,"href":"https:\/\/nissitrac.com\/es\/wp-json\/wp\/v2\/comments?post=32"}],"version-history":[{"count":121,"href":"https:\/\/nissitrac.com\/es\/wp-json\/wp\/v2\/pages\/32\/revisions"}],"predecessor-version":[{"id":1479,"href":"https:\/\/nissitrac.com\/es\/wp-json\/wp\/v2\/pages\/32\/revisions\/1479"}],"wp:attachment":[{"href":"https:\/\/nissitrac.com\/es\/wp-json\/wp\/v2\/media?parent=32"}],"curies":[{"name":"wp","href":"https:\/\/api.w.org\/{rel}","templated":true}]}}